{"id":42,"date":"2019-10-10T08:47:58","date_gmt":"2019-10-10T08:47:58","guid":{"rendered":"http:\/\/ribomed.imm.medicina.ulisboa.pt\/?page_id=42"},"modified":"2023-05-25T16:17:01","modified_gmt":"2023-05-25T16:17:01","slug":"homepage","status":"publish","type":"page","link":"https:\/\/ribomed.imm.medicina.ulisboa.pt\/pt-pt\/","title":{"rendered":"Homepage"},"content":{"rendered":"\r\n<blockquote class=\"wp-block-quote\">\r\n<p>Uma nova e promissora \u00e1rea de grande impacto na biologia moderna e na medicina \u00e9 a biologia do \u00e1cido ribonucleico (RNA).<\/p>\r\n<\/blockquote>\r\n\r\n\r\n\r\n<p style=\"text-align: left;\">O projeto RiboMed, financiado pela UE, ajudar\u00e1 o <strong>Instituto de Medicina Molecular Jo\u00e3o Lobo Antunes (iMM)<\/strong> a estabelecer uma colabora\u00e7\u00e3o estrat\u00e9gica atrav\u00e9s da colabora\u00e7\u00e3o com parceiros de comunidades reconhecidas na \u00e1rea biologia do RNA na <strong>Universidade de Oxford (Reino Unido)<\/strong>, no <strong>Weizmann Institute of Science (Israel)<\/strong> e no <strong>Max Delbr\u00fcck Center for Molecular Medicine (MDC, Alemanha)<\/strong>.<\/p>\r\n<p>O objetivo \u00e9 promover a excel\u00eancia cient\u00edfica atrav\u00e9s da implementa\u00e7\u00e3o de projetos de investiga\u00e7\u00e3o conjuntos entre o iMM e as institui\u00e7\u00f5es parceiras.<\/p>\r\n<p>Nesta p\u00e1gina pode encontrar toda a informa\u00e7\u00e3o relacionada com o projeto RiboMed:<\/p>\r\n<ul>\r\n<li><a href=\"https:\/\/ribomed.imm.medicina.ulisboa.pt\/pt-pt\/rna-tools\/#rna-tools\">RNA tools<\/a> &#8211; Ferramentas \u00fateis para investigadores na \u00e1rea da biologia do RNA<\/li>\r\n<li><a href=\"https:\/\/ribomed.imm.medicina.ulisboa.pt\/pt-pt\/rna-tools\/#entrevistas-com-convidados-ribomed\">Entrevistas<\/a><\/li>\r\n<li><a href=\"https:\/\/ribomed.imm.medicina.ulisboa.pt\/pt-pt\/rna-tools\/#multimedia\">Conte\u00fado multim\u00e9dia<\/a><\/li>\r\n<li><a href=\"https:\/\/ribomed.imm.medicina.ulisboa.pt\/pt-pt\/noticias\/#publicacoes\">Publica\u00e7\u00f5es<\/a><\/li>\r\n<li><a href=\"https:\/\/ribomed.imm.medicina.ulisboa.pt\/pt-pt\/noticias\/#newsletter\">Newsletters<\/a><\/li>\r\n<li><a href=\"https:\/\/ribomed.imm.medicina.ulisboa.pt\/pt-pt\/eventos\/#eventos\">Eventos<\/a><\/li>\r\n<li>E muito mais<\/li>\r\n<\/ul>\r\n<p><img loading=\"lazy\" class=\"aligncenter wp-image-684 size-medium\" src=\"http:\/\/ribomed.imm.medicina.ulisboa.pt\/wp-content\/uploads\/sites\/4\/2023\/05\/RiboMed_COR_Horizontal-300x188.png\" alt=\"\" width=\"300\" height=\"188\" srcset=\"https:\/\/ribomed.imm.medicina.ulisboa.pt\/wp-content\/uploads\/sites\/4\/2023\/05\/RiboMed_COR_Horizontal-300x188.png 300w, https:\/\/ribomed.imm.medicina.ulisboa.pt\/wp-content\/uploads\/sites\/4\/2023\/05\/RiboMed_COR_Horizontal-768x480.png 768w, https:\/\/ribomed.imm.medicina.ulisboa.pt\/wp-content\/uploads\/sites\/4\/2023\/05\/RiboMed_COR_Horizontal.png 1000w\" sizes=\"(max-width: 300px) 100vw, 300px\" \/><\/p>\r\n<hr \/>\r\n<p>Para subscrever a newsletter RiboMed, preencha o formul\u00e1rio (<strong><a href=\"https:\/\/docs.google.com\/forms\/d\/e\/1FAIpQLSfAvpn3A6-KDTwxyX5AfSNJxSoCj9LhL3eEJ-PchVqJ3ezwIg\/viewform?usp=sf_link\" target=\"_blank\" rel=\"noreferrer noopener\" aria-label=\"aqui (opens in a new tab)\">aqui<\/a><\/strong>) e ir\u00e1 receber toda a informa\u00e7\u00e3o sobre o RiboMed. <strong>Leia a mais recente newsletter (April 2023)<\/strong> <strong><a href=\"https:\/\/mailchi.mp\/ee08bddba927\/xg5plla601-16742864\" target=\"_blank\" rel=\"noreferrer noopener\" aria-label=\"aqui (opens in a new tab)\">aqui<\/a><\/strong> &#8211; Apenas dispon\u00edvel em Ingl\u00eas.<\/p>\r\n\r\n\r\n\r\n<figure class=\"wp-block-image\"><img loading=\"lazy\" width=\"1024\" height=\"214\" class=\"wp-image-511\" src=\"http:\/\/ribomed.imm.medicina.ulisboa.pt\/wp-content\/uploads\/sites\/4\/2021\/07\/Capturar-1024x214.png\" alt=\"\" srcset=\"https:\/\/ribomed.imm.medicina.ulisboa.pt\/wp-content\/uploads\/sites\/4\/2021\/07\/Capturar-1024x214.png 1024w, https:\/\/ribomed.imm.medicina.ulisboa.pt\/wp-content\/uploads\/sites\/4\/2021\/07\/Capturar-300x63.png 300w, https:\/\/ribomed.imm.medicina.ulisboa.pt\/wp-content\/uploads\/sites\/4\/2021\/07\/Capturar-768x161.png 768w, https:\/\/ribomed.imm.medicina.ulisboa.pt\/wp-content\/uploads\/sites\/4\/2021\/07\/Capturar.png 1740w\" sizes=\"(max-width: 1024px) 100vw, 1024px\" \/><\/figure>\r\n\r\n\r\n\r\n<div class=\"wp-block-image\">\r\n<figure class=\"aligncenter\"><img loading=\"lazy\" width=\"449\" height=\"127\" class=\"wp-image-205\" src=\"http:\/\/ribomed.imm.medicina.ulisboa.pt\/wp-content\/uploads\/sites\/4\/2019\/11\/RiboMed-2.png\" alt=\"\" srcset=\"https:\/\/ribomed.imm.medicina.ulisboa.pt\/wp-content\/uploads\/sites\/4\/2019\/11\/RiboMed-2.png 449w, https:\/\/ribomed.imm.medicina.ulisboa.pt\/wp-content\/uploads\/sites\/4\/2019\/11\/RiboMed-2-300x85.png 300w\" sizes=\"(max-width: 449px) 100vw, 449px\" \/><\/figure>\r\n<\/div>\r\n","protected":false},"excerpt":{"rendered":"<p>Uma nova e promissora \u00e1rea de grande impacto na biologia moderna e na medicina \u00e9 a biologia do \u00e1cido ribonucleico (RNA). O projeto RiboMed, financiado pela UE, ajudar\u00e1 o Instituto de Medicina Molecular Jo\u00e3o Lobo Antunes (iMM) a estabelecer uma colabora\u00e7\u00e3o estrat\u00e9gica atrav\u00e9s da colabora\u00e7\u00e3o com parceiros de comunidades reconhecidas na \u00e1rea biologia do RNA [&hellip;]<\/p>\n","protected":false},"author":13,"featured_media":61,"parent":0,"menu_order":0,"comment_status":"closed","ping_status":"closed","template":"","meta":[],"yoast_head":"<!-- This site is optimized with the Yoast SEO plugin v17.4 - https:\/\/yoast.com\/wordpress\/plugins\/seo\/ -->\n<title>Homepage - RiboMed<\/title>\n<meta name=\"robots\" content=\"index, follow, max-snippet:-1, max-image-preview:large, max-video-preview:-1\" \/>\n<link rel=\"canonical\" href=\"https:\/\/ribomed.imm.medicina.ulisboa.pt\/pt-pt\/\" \/>\n<meta property=\"og:locale\" content=\"pt_PT\" \/>\n<meta property=\"og:type\" content=\"article\" \/>\n<meta property=\"og:title\" content=\"Homepage - RiboMed\" \/>\n<meta property=\"og:description\" content=\"Uma nova e promissora \u00e1rea de grande impacto na biologia moderna e na medicina \u00e9 a biologia do \u00e1cido ribonucleico (RNA). O projeto RiboMed, financiado pela UE, ajudar\u00e1 o Instituto de Medicina Molecular Jo\u00e3o Lobo Antunes (iMM) a estabelecer uma colabora\u00e7\u00e3o estrat\u00e9gica atrav\u00e9s da colabora\u00e7\u00e3o com parceiros de comunidades reconhecidas na \u00e1rea biologia do RNA [&hellip;]\" \/>\n<meta property=\"og:url\" content=\"https:\/\/ribomed.imm.medicina.ulisboa.pt\/pt-pt\/\" \/>\n<meta property=\"og:site_name\" content=\"RiboMed\" \/>\n<meta property=\"article:modified_time\" content=\"2023-05-25T16:17:01+00:00\" \/>\n<meta property=\"og:image\" content=\"http:\/\/ribomed.imm.medicina.ulisboa.pt\/wp-content\/uploads\/sites\/4\/2019\/10\/BANNER-03.jpg\" \/>\n\t<meta property=\"og:image:width\" content=\"1900\" \/>\n\t<meta property=\"og:image:height\" content=\"316\" \/>\n<meta name=\"twitter:card\" content=\"summary_large_image\" \/>\n<meta name=\"twitter:label1\" content=\"Tempo estimado de leitura\" \/>\n\t<meta name=\"twitter:data1\" content=\"1 minuto\" \/>\n<script type=\"application\/ld+json\" class=\"yoast-schema-graph\">{\"@context\":\"https:\/\/schema.org\",\"@graph\":[{\"@type\":\"WebSite\",\"@id\":\"https:\/\/ribomed.imm.medicina.ulisboa.pt\/#website\",\"url\":\"https:\/\/ribomed.imm.medicina.ulisboa.pt\/\",\"name\":\"RiboMed\",\"description\":\"RiboMed\",\"potentialAction\":[{\"@type\":\"SearchAction\",\"target\":{\"@type\":\"EntryPoint\",\"urlTemplate\":\"https:\/\/ribomed.imm.medicina.ulisboa.pt\/?s={search_term_string}\"},\"query-input\":\"required name=search_term_string\"}],\"inLanguage\":\"pt-PT\"},{\"@type\":\"ImageObject\",\"@id\":\"https:\/\/ribomed.imm.medicina.ulisboa.pt\/pt-pt\/#primaryimage\",\"inLanguage\":\"pt-PT\",\"url\":\"https:\/\/ribomed.imm.medicina.ulisboa.pt\/wp-content\/uploads\/sites\/4\/2019\/10\/BANNER-03.jpg\",\"contentUrl\":\"https:\/\/ribomed.imm.medicina.ulisboa.pt\/wp-content\/uploads\/sites\/4\/2019\/10\/BANNER-03.jpg\",\"width\":1900,\"height\":316},{\"@type\":\"WebPage\",\"@id\":\"https:\/\/ribomed.imm.medicina.ulisboa.pt\/pt-pt\/#webpage\",\"url\":\"https:\/\/ribomed.imm.medicina.ulisboa.pt\/pt-pt\/\",\"name\":\"Homepage - RiboMed\",\"isPartOf\":{\"@id\":\"https:\/\/ribomed.imm.medicina.ulisboa.pt\/#website\"},\"primaryImageOfPage\":{\"@id\":\"https:\/\/ribomed.imm.medicina.ulisboa.pt\/pt-pt\/#primaryimage\"},\"datePublished\":\"2019-10-10T08:47:58+00:00\",\"dateModified\":\"2023-05-25T16:17:01+00:00\",\"breadcrumb\":{\"@id\":\"https:\/\/ribomed.imm.medicina.ulisboa.pt\/pt-pt\/#breadcrumb\"},\"inLanguage\":\"pt-PT\",\"potentialAction\":[{\"@type\":\"ReadAction\",\"target\":[\"https:\/\/ribomed.imm.medicina.ulisboa.pt\/pt-pt\/\"]}]},{\"@type\":\"BreadcrumbList\",\"@id\":\"https:\/\/ribomed.imm.medicina.ulisboa.pt\/pt-pt\/#breadcrumb\",\"itemListElement\":[{\"@type\":\"ListItem\",\"position\":1,\"name\":\"Home\",\"item\":\"https:\/\/ribomed.imm.medicina.ulisboa.pt\/pt-pt\/\"},{\"@type\":\"ListItem\",\"position\":2,\"name\":\"Homepage\"}]}]}<\/script>\n<!-- \/ Yoast SEO plugin. -->","yoast_head_json":{"title":"Homepage - RiboMed","robots":{"index":"index","follow":"follow","max-snippet":"max-snippet:-1","max-image-preview":"max-image-preview:large","max-video-preview":"max-video-preview:-1"},"canonical":"https:\/\/ribomed.imm.medicina.ulisboa.pt\/pt-pt\/","og_locale":"pt_PT","og_type":"article","og_title":"Homepage - RiboMed","og_description":"Uma nova e promissora \u00e1rea de grande impacto na biologia moderna e na medicina \u00e9 a biologia do \u00e1cido ribonucleico (RNA). O projeto RiboMed, financiado pela UE, ajudar\u00e1 o Instituto de Medicina Molecular Jo\u00e3o Lobo Antunes (iMM) a estabelecer uma colabora\u00e7\u00e3o estrat\u00e9gica atrav\u00e9s da colabora\u00e7\u00e3o com parceiros de comunidades reconhecidas na \u00e1rea biologia do RNA [&hellip;]","og_url":"https:\/\/ribomed.imm.medicina.ulisboa.pt\/pt-pt\/","og_site_name":"RiboMed","article_modified_time":"2023-05-25T16:17:01+00:00","og_image":[{"width":1900,"height":316,"url":"http:\/\/ribomed.imm.medicina.ulisboa.pt\/wp-content\/uploads\/sites\/4\/2019\/10\/BANNER-03.jpg","type":"image\/jpeg"}],"twitter_card":"summary_large_image","twitter_misc":{"Tempo estimado de leitura":"1 minuto"},"schema":{"@context":"https:\/\/schema.org","@graph":[{"@type":"WebSite","@id":"https:\/\/ribomed.imm.medicina.ulisboa.pt\/#website","url":"https:\/\/ribomed.imm.medicina.ulisboa.pt\/","name":"RiboMed","description":"RiboMed","potentialAction":[{"@type":"SearchAction","target":{"@type":"EntryPoint","urlTemplate":"https:\/\/ribomed.imm.medicina.ulisboa.pt\/?s={search_term_string}"},"query-input":"required name=search_term_string"}],"inLanguage":"pt-PT"},{"@type":"ImageObject","@id":"https:\/\/ribomed.imm.medicina.ulisboa.pt\/pt-pt\/#primaryimage","inLanguage":"pt-PT","url":"https:\/\/ribomed.imm.medicina.ulisboa.pt\/wp-content\/uploads\/sites\/4\/2019\/10\/BANNER-03.jpg","contentUrl":"https:\/\/ribomed.imm.medicina.ulisboa.pt\/wp-content\/uploads\/sites\/4\/2019\/10\/BANNER-03.jpg","width":1900,"height":316},{"@type":"WebPage","@id":"https:\/\/ribomed.imm.medicina.ulisboa.pt\/pt-pt\/#webpage","url":"https:\/\/ribomed.imm.medicina.ulisboa.pt\/pt-pt\/","name":"Homepage - RiboMed","isPartOf":{"@id":"https:\/\/ribomed.imm.medicina.ulisboa.pt\/#website"},"primaryImageOfPage":{"@id":"https:\/\/ribomed.imm.medicina.ulisboa.pt\/pt-pt\/#primaryimage"},"datePublished":"2019-10-10T08:47:58+00:00","dateModified":"2023-05-25T16:17:01+00:00","breadcrumb":{"@id":"https:\/\/ribomed.imm.medicina.ulisboa.pt\/pt-pt\/#breadcrumb"},"inLanguage":"pt-PT","potentialAction":[{"@type":"ReadAction","target":["https:\/\/ribomed.imm.medicina.ulisboa.pt\/pt-pt\/"]}]},{"@type":"BreadcrumbList","@id":"https:\/\/ribomed.imm.medicina.ulisboa.pt\/pt-pt\/#breadcrumb","itemListElement":[{"@type":"ListItem","position":1,"name":"Home","item":"https:\/\/ribomed.imm.medicina.ulisboa.pt\/pt-pt\/"},{"@type":"ListItem","position":2,"name":"Homepage"}]}]}},"_links":{"self":[{"href":"https:\/\/ribomed.imm.medicina.ulisboa.pt\/pt-pt\/wp-json\/wp\/v2\/pages\/42"}],"collection":[{"href":"https:\/\/ribomed.imm.medicina.ulisboa.pt\/pt-pt\/wp-json\/wp\/v2\/pages"}],"about":[{"href":"https:\/\/ribomed.imm.medicina.ulisboa.pt\/pt-pt\/wp-json\/wp\/v2\/types\/page"}],"author":[{"embeddable":true,"href":"https:\/\/ribomed.imm.medicina.ulisboa.pt\/pt-pt\/wp-json\/wp\/v2\/users\/13"}],"replies":[{"embeddable":true,"href":"https:\/\/ribomed.imm.medicina.ulisboa.pt\/pt-pt\/wp-json\/wp\/v2\/comments?post=42"}],"version-history":[{"count":11,"href":"https:\/\/ribomed.imm.medicina.ulisboa.pt\/pt-pt\/wp-json\/wp\/v2\/pages\/42\/revisions"}],"predecessor-version":[{"id":693,"href":"https:\/\/ribomed.imm.medicina.ulisboa.pt\/pt-pt\/wp-json\/wp\/v2\/pages\/42\/revisions\/693"}],"wp:featuredmedia":[{"embeddable":true,"href":"https:\/\/ribomed.imm.medicina.ulisboa.pt\/pt-pt\/wp-json\/wp\/v2\/media\/61"}],"wp:attachment":[{"href":"https:\/\/ribomed.imm.medicina.ulisboa.pt\/pt-pt\/wp-json\/wp\/v2\/media?parent=42"}],"curies":[{"name":"wp","href":"https:\/\/api.w.org\/{rel}","templated":true}]}}