{"id":44,"date":"2019-10-10T08:48:33","date_gmt":"2019-10-10T08:48:33","guid":{"rendered":"http:\/\/ribomed.imm.medicina.ulisboa.pt\/?page_id=44"},"modified":"2023-05-09T16:31:53","modified_gmt":"2023-05-09T16:31:53","slug":"projecto","status":"publish","type":"page","link":"https:\/\/ribomed.imm.medicina.ulisboa.pt\/pt-pt\/projecto\/","title":{"rendered":"Projecto"},"content":{"rendered":"\r\n<p style=\"text-align: left;\">Uma nova e promissora \u00e1rea de grande impacto na biologia moderna e na medicina \u00e9 a biologia do \u00e1cido ribonucleico (RNA). O RNA revolucionou a biologia molecular e ter\u00e1 uma profunda implica\u00e7\u00e3o em terapias futuras.<\/p>\r\n\r\n\r\n\r\n<p>O Instituto de Medicina Molecular Jo\u00e3o Lobo Antunes (IMM) em Portugal ter\u00e1 agora o apoio necess\u00e1rio para alcan\u00e7ar a excel\u00eancia cient\u00edfica e promover a investiga\u00e7\u00e3o no campo da biologia do RNA. O projecto RiboMed, financiado pela UE, ajudar\u00e1 o iMM a estabelecer uma colabora\u00e7\u00e3o estrat\u00e9gica atrav\u00e9s da colabora\u00e7\u00e3o com parceiros de comunidades reconhecidas na \u00e1rea biologia de RNA na Universidade de Oxford (Reino Unido), no Weizmann Institute of Science (Israel) e no Max Delbr\u00fcck Center for Molecular Medicine (MDC, Alemanha).<\/p>\r\n\r\n\r\n\r\n<p>O objetivo \u00e9 implementar interc\u00e2mbios de investigadores a curto prazo, retiros conjuntos de laborat\u00f3rios, visitas de investigadores, cursos tem\u00e1ticos, <em>mentoring<\/em>, confer\u00eancias e visitas t\u00e9cnicas, de modo a trabalhar na tradu\u00e7\u00e3o de descobertas b\u00e1sicas em potenciais novos biomarcadores, ensaios de diagn\u00f3sticos baseados em RNA e alvos terap\u00eauticos de RNA.\u00a0Isso impulsionar\u00e1 a consolida\u00e7\u00e3o do ecossistema de inova\u00e7\u00e3o e empreendedorismo no iMM.<\/p>\r\n<p><strong>Objetivos:<\/strong><\/p>\r\n<ul>\r\n<li>Promover a excel\u00eancia cient\u00edfica atrav\u00e9s da implementa\u00e7\u00e3o de projetos de investiga\u00e7\u00e3o conjuntos entre o iMM e as institui\u00e7\u00f5es parceiras.<\/li>\r\n<li>Incentivar os investigadores em in\u00edcio de carreia na \u00e1rea do RNA no iMM.<\/li>\r\n<li>Aumentar a sensibiliza\u00e7\u00e3o a n\u00edvel internacional para as pessoas no iMM e para as equipas de investiga\u00e7\u00e3o de elevada qualidade.<\/li>\r\n<li>Refor\u00e7ar a capacidade de inova\u00e7\u00e3o e de empreendedorismo no iMM.<\/li>\r\n<\/ul>\r\n\r\n\r\n\r\n<figure class=\"wp-block-image\"><img loading=\"lazy\" width=\"1024\" height=\"170\" class=\"wp-image-74\" src=\"http:\/\/ribomed.imm.medicina.ulisboa.pt\/wp-content\/uploads\/sites\/4\/2019\/10\/BANNER-04-1024x170.jpg\" alt=\"\" srcset=\"https:\/\/ribomed.imm.medicina.ulisboa.pt\/wp-content\/uploads\/sites\/4\/2019\/10\/BANNER-04-1024x170.jpg 1024w, https:\/\/ribomed.imm.medicina.ulisboa.pt\/wp-content\/uploads\/sites\/4\/2019\/10\/BANNER-04-300x50.jpg 300w, https:\/\/ribomed.imm.medicina.ulisboa.pt\/wp-content\/uploads\/sites\/4\/2019\/10\/BANNER-04-768x128.jpg 768w, https:\/\/ribomed.imm.medicina.ulisboa.pt\/wp-content\/uploads\/sites\/4\/2019\/10\/BANNER-04.jpg 1900w\" sizes=\"(max-width: 1024px) 100vw, 1024px\" \/><\/figure>\r\n\r\n\r\n\r\n<figure class=\"wp-block-image\"><img loading=\"lazy\" width=\"1024\" height=\"289\" class=\"wp-image-189\" src=\"http:\/\/ribomed.imm.medicina.ulisboa.pt\/wp-content\/uploads\/sites\/4\/2019\/11\/Project-Information-Site_PT-1024x289.png\" alt=\"\" srcset=\"https:\/\/ribomed.imm.medicina.ulisboa.pt\/wp-content\/uploads\/sites\/4\/2019\/11\/Project-Information-Site_PT-1024x289.png 1024w, https:\/\/ribomed.imm.medicina.ulisboa.pt\/wp-content\/uploads\/sites\/4\/2019\/11\/Project-Information-Site_PT-300x85.png 300w, https:\/\/ribomed.imm.medicina.ulisboa.pt\/wp-content\/uploads\/sites\/4\/2019\/11\/Project-Information-Site_PT-768x216.png 768w, https:\/\/ribomed.imm.medicina.ulisboa.pt\/wp-content\/uploads\/sites\/4\/2019\/11\/Project-Information-Site_PT.png 1348w\" sizes=\"(max-width: 1024px) 100vw, 1024px\" \/><\/figure>\r\n\r\n\r\n<hr class=\"wp-block-separator\" \/>\r\n\r\n\r\n<h4><strong>Conselho Consultivo<\/strong><\/h4>\r\n\r\n\r\n\r\n<p>O Conselho Consultivo ir\u00e1 monitorizar de perto o progresso do RiboMed. Este conselho inclui l\u00edderes internacionalmente reconhecidos nas \u00e1reas de Medicina e biologia do RNA, como Detlev Ganten, Javier Caceres and Benjamin Blencowe.<\/p>\r\n\r\n\r\n\r\n<h4><a href=\"http:\/\/ribomed.imm.medicina.ulisboa.pt\/wp-content\/uploads\/sites\/4\/2021\/02\/Industry-Advisory-Board-RiboMed-Bio.pdf\" target=\"_blank\" rel=\"noreferrer noopener\" aria-label=\"Conselho Industrial Consultivo (opens in a new tab)\">Conselho Industrial Consultivo<\/a><\/h4>\r\n\r\n\r\n\r\n<p>O Conselho Industrial Consultivo (CIC) \u00e9 composto por 4 membros com experi\u00eancia industrial e cientifica significativa no campo da biologia do RNA:<\/p>\r\n<p>Melissa J. Moore<br \/>CSO mRNA research at Moderna Therapeutics<br \/><br \/>Adrian R. Krainer<br \/>St. Giles Professor of Molecular Genetics, Program Chair of Cancer and Molecular Biology at Cold Spring Harbor Laboratory and Co-Founder &amp; Director at Stoke Therapeutics<br \/><br \/>Zandy Forbes<br \/>President &amp; CEO at MeiraGTx<br \/><br \/>Keith Blundy<br \/>CEO at Storm Therapeutics<\/p>\r\n<p>O CIC ir\u00e1 providenciar orienta\u00e7\u00e3o estrat\u00e9gica para o desenvolvimento da estrat\u00e9gia de inova\u00e7\u00e3o e para o plano de a\u00e7\u00e3o.\u00a0<\/p>\r\n\r\n\r\n<hr class=\"wp-block-separator\" \/>\r\n\r\n\r\n<p>RiboMed Flyer <a href=\"http:\/\/ribomed.imm.medicina.ulisboa.pt\/wp-content\/uploads\/sites\/4\/2021\/01\/RiboMed-Flyer.pdf\" target=\"_blank\" rel=\"noreferrer noopener\" aria-label=\"aqui (opens in a new tab)\">aqui<\/a> (dispon\u00edvel em Ingl\u00eas)<\/p>\r\n\r\n\r\n\r\n<div class=\"wp-block-image\">\r\n<figure class=\"aligncenter\"><img loading=\"lazy\" width=\"449\" height=\"127\" class=\"wp-image-205\" src=\"http:\/\/ribomed.imm.medicina.ulisboa.pt\/wp-content\/uploads\/sites\/4\/2019\/11\/RiboMed-2.png\" alt=\"\" srcset=\"https:\/\/ribomed.imm.medicina.ulisboa.pt\/wp-content\/uploads\/sites\/4\/2019\/11\/RiboMed-2.png 449w, https:\/\/ribomed.imm.medicina.ulisboa.pt\/wp-content\/uploads\/sites\/4\/2019\/11\/RiboMed-2-300x85.png 300w\" sizes=\"(max-width: 449px) 100vw, 449px\" \/><\/figure>\r\n<\/div>\r\n","protected":false},"excerpt":{"rendered":"<p>Uma nova e promissora \u00e1rea de grande impacto na biologia moderna e na medicina \u00e9 a biologia do \u00e1cido ribonucleico (RNA). O RNA revolucionou a biologia molecular e ter\u00e1 uma profunda implica\u00e7\u00e3o em terapias futuras. O Instituto de Medicina Molecular Jo\u00e3o Lobo Antunes (IMM) em Portugal ter\u00e1 agora o apoio necess\u00e1rio para alcan\u00e7ar a excel\u00eancia [&hellip;]<\/p>\n","protected":false},"author":13,"featured_media":61,"parent":0,"menu_order":1,"comment_status":"closed","ping_status":"closed","template":"","meta":[],"yoast_head":"<!-- This site is optimized with the Yoast SEO plugin v17.4 - https:\/\/yoast.com\/wordpress\/plugins\/seo\/ -->\n<title>Projecto - RiboMed<\/title>\n<meta name=\"robots\" content=\"index, follow, max-snippet:-1, max-image-preview:large, max-video-preview:-1\" \/>\n<link rel=\"canonical\" href=\"https:\/\/ribomed.imm.medicina.ulisboa.pt\/pt-pt\/projecto\/\" \/>\n<meta property=\"og:locale\" content=\"pt_PT\" \/>\n<meta property=\"og:type\" content=\"article\" \/>\n<meta property=\"og:title\" content=\"Projecto - RiboMed\" \/>\n<meta property=\"og:description\" content=\"Uma nova e promissora \u00e1rea de grande impacto na biologia moderna e na medicina \u00e9 a biologia do \u00e1cido ribonucleico (RNA). O RNA revolucionou a biologia molecular e ter\u00e1 uma profunda implica\u00e7\u00e3o em terapias futuras. O Instituto de Medicina Molecular Jo\u00e3o Lobo Antunes (IMM) em Portugal ter\u00e1 agora o apoio necess\u00e1rio para alcan\u00e7ar a excel\u00eancia [&hellip;]\" \/>\n<meta property=\"og:url\" content=\"https:\/\/ribomed.imm.medicina.ulisboa.pt\/pt-pt\/projecto\/\" \/>\n<meta property=\"og:site_name\" content=\"RiboMed\" \/>\n<meta property=\"article:modified_time\" content=\"2023-05-09T16:31:53+00:00\" \/>\n<meta property=\"og:image\" content=\"http:\/\/ribomed.imm.medicina.ulisboa.pt\/wp-content\/uploads\/sites\/4\/2019\/10\/BANNER-03.jpg\" \/>\n\t<meta property=\"og:image:width\" content=\"1900\" \/>\n\t<meta property=\"og:image:height\" content=\"316\" \/>\n<meta name=\"twitter:card\" content=\"summary_large_image\" \/>\n<meta name=\"twitter:label1\" content=\"Tempo estimado de leitura\" \/>\n\t<meta name=\"twitter:data1\" content=\"2 minutos\" \/>\n<script type=\"application\/ld+json\" class=\"yoast-schema-graph\">{\"@context\":\"https:\/\/schema.org\",\"@graph\":[{\"@type\":\"WebSite\",\"@id\":\"https:\/\/ribomed.imm.medicina.ulisboa.pt\/#website\",\"url\":\"https:\/\/ribomed.imm.medicina.ulisboa.pt\/\",\"name\":\"RiboMed\",\"description\":\"RiboMed\",\"potentialAction\":[{\"@type\":\"SearchAction\",\"target\":{\"@type\":\"EntryPoint\",\"urlTemplate\":\"https:\/\/ribomed.imm.medicina.ulisboa.pt\/?s={search_term_string}\"},\"query-input\":\"required name=search_term_string\"}],\"inLanguage\":\"pt-PT\"},{\"@type\":\"ImageObject\",\"@id\":\"https:\/\/ribomed.imm.medicina.ulisboa.pt\/pt-pt\/projecto\/#primaryimage\",\"inLanguage\":\"pt-PT\",\"url\":\"https:\/\/ribomed.imm.medicina.ulisboa.pt\/wp-content\/uploads\/sites\/4\/2019\/10\/BANNER-03.jpg\",\"contentUrl\":\"https:\/\/ribomed.imm.medicina.ulisboa.pt\/wp-content\/uploads\/sites\/4\/2019\/10\/BANNER-03.jpg\",\"width\":1900,\"height\":316},{\"@type\":\"WebPage\",\"@id\":\"https:\/\/ribomed.imm.medicina.ulisboa.pt\/pt-pt\/projecto\/#webpage\",\"url\":\"https:\/\/ribomed.imm.medicina.ulisboa.pt\/pt-pt\/projecto\/\",\"name\":\"Projecto - RiboMed\",\"isPartOf\":{\"@id\":\"https:\/\/ribomed.imm.medicina.ulisboa.pt\/#website\"},\"primaryImageOfPage\":{\"@id\":\"https:\/\/ribomed.imm.medicina.ulisboa.pt\/pt-pt\/projecto\/#primaryimage\"},\"datePublished\":\"2019-10-10T08:48:33+00:00\",\"dateModified\":\"2023-05-09T16:31:53+00:00\",\"breadcrumb\":{\"@id\":\"https:\/\/ribomed.imm.medicina.ulisboa.pt\/pt-pt\/projecto\/#breadcrumb\"},\"inLanguage\":\"pt-PT\",\"potentialAction\":[{\"@type\":\"ReadAction\",\"target\":[\"https:\/\/ribomed.imm.medicina.ulisboa.pt\/pt-pt\/projecto\/\"]}]},{\"@type\":\"BreadcrumbList\",\"@id\":\"https:\/\/ribomed.imm.medicina.ulisboa.pt\/pt-pt\/projecto\/#breadcrumb\",\"itemListElement\":[{\"@type\":\"ListItem\",\"position\":1,\"name\":\"Home\",\"item\":\"https:\/\/ribomed.imm.medicina.ulisboa.pt\/pt-pt\/\"},{\"@type\":\"ListItem\",\"position\":2,\"name\":\"Projecto\"}]}]}<\/script>\n<!-- \/ Yoast SEO plugin. -->","yoast_head_json":{"title":"Projecto - RiboMed","robots":{"index":"index","follow":"follow","max-snippet":"max-snippet:-1","max-image-preview":"max-image-preview:large","max-video-preview":"max-video-preview:-1"},"canonical":"https:\/\/ribomed.imm.medicina.ulisboa.pt\/pt-pt\/projecto\/","og_locale":"pt_PT","og_type":"article","og_title":"Projecto - RiboMed","og_description":"Uma nova e promissora \u00e1rea de grande impacto na biologia moderna e na medicina \u00e9 a biologia do \u00e1cido ribonucleico (RNA). O RNA revolucionou a biologia molecular e ter\u00e1 uma profunda implica\u00e7\u00e3o em terapias futuras. O Instituto de Medicina Molecular Jo\u00e3o Lobo Antunes (IMM) em Portugal ter\u00e1 agora o apoio necess\u00e1rio para alcan\u00e7ar a excel\u00eancia [&hellip;]","og_url":"https:\/\/ribomed.imm.medicina.ulisboa.pt\/pt-pt\/projecto\/","og_site_name":"RiboMed","article_modified_time":"2023-05-09T16:31:53+00:00","og_image":[{"width":1900,"height":316,"url":"http:\/\/ribomed.imm.medicina.ulisboa.pt\/wp-content\/uploads\/sites\/4\/2019\/10\/BANNER-03.jpg","type":"image\/jpeg"}],"twitter_card":"summary_large_image","twitter_misc":{"Tempo estimado de leitura":"2 minutos"},"schema":{"@context":"https:\/\/schema.org","@graph":[{"@type":"WebSite","@id":"https:\/\/ribomed.imm.medicina.ulisboa.pt\/#website","url":"https:\/\/ribomed.imm.medicina.ulisboa.pt\/","name":"RiboMed","description":"RiboMed","potentialAction":[{"@type":"SearchAction","target":{"@type":"EntryPoint","urlTemplate":"https:\/\/ribomed.imm.medicina.ulisboa.pt\/?s={search_term_string}"},"query-input":"required name=search_term_string"}],"inLanguage":"pt-PT"},{"@type":"ImageObject","@id":"https:\/\/ribomed.imm.medicina.ulisboa.pt\/pt-pt\/projecto\/#primaryimage","inLanguage":"pt-PT","url":"https:\/\/ribomed.imm.medicina.ulisboa.pt\/wp-content\/uploads\/sites\/4\/2019\/10\/BANNER-03.jpg","contentUrl":"https:\/\/ribomed.imm.medicina.ulisboa.pt\/wp-content\/uploads\/sites\/4\/2019\/10\/BANNER-03.jpg","width":1900,"height":316},{"@type":"WebPage","@id":"https:\/\/ribomed.imm.medicina.ulisboa.pt\/pt-pt\/projecto\/#webpage","url":"https:\/\/ribomed.imm.medicina.ulisboa.pt\/pt-pt\/projecto\/","name":"Projecto - RiboMed","isPartOf":{"@id":"https:\/\/ribomed.imm.medicina.ulisboa.pt\/#website"},"primaryImageOfPage":{"@id":"https:\/\/ribomed.imm.medicina.ulisboa.pt\/pt-pt\/projecto\/#primaryimage"},"datePublished":"2019-10-10T08:48:33+00:00","dateModified":"2023-05-09T16:31:53+00:00","breadcrumb":{"@id":"https:\/\/ribomed.imm.medicina.ulisboa.pt\/pt-pt\/projecto\/#breadcrumb"},"inLanguage":"pt-PT","potentialAction":[{"@type":"ReadAction","target":["https:\/\/ribomed.imm.medicina.ulisboa.pt\/pt-pt\/projecto\/"]}]},{"@type":"BreadcrumbList","@id":"https:\/\/ribomed.imm.medicina.ulisboa.pt\/pt-pt\/projecto\/#breadcrumb","itemListElement":[{"@type":"ListItem","position":1,"name":"Home","item":"https:\/\/ribomed.imm.medicina.ulisboa.pt\/pt-pt\/"},{"@type":"ListItem","position":2,"name":"Projecto"}]}]}},"_links":{"self":[{"href":"https:\/\/ribomed.imm.medicina.ulisboa.pt\/pt-pt\/wp-json\/wp\/v2\/pages\/44"}],"collection":[{"href":"https:\/\/ribomed.imm.medicina.ulisboa.pt\/pt-pt\/wp-json\/wp\/v2\/pages"}],"about":[{"href":"https:\/\/ribomed.imm.medicina.ulisboa.pt\/pt-pt\/wp-json\/wp\/v2\/types\/page"}],"author":[{"embeddable":true,"href":"https:\/\/ribomed.imm.medicina.ulisboa.pt\/pt-pt\/wp-json\/wp\/v2\/users\/13"}],"replies":[{"embeddable":true,"href":"https:\/\/ribomed.imm.medicina.ulisboa.pt\/pt-pt\/wp-json\/wp\/v2\/comments?post=44"}],"version-history":[{"count":16,"href":"https:\/\/ribomed.imm.medicina.ulisboa.pt\/pt-pt\/wp-json\/wp\/v2\/pages\/44\/revisions"}],"predecessor-version":[{"id":666,"href":"https:\/\/ribomed.imm.medicina.ulisboa.pt\/pt-pt\/wp-json\/wp\/v2\/pages\/44\/revisions\/666"}],"wp:featuredmedia":[{"embeddable":true,"href":"https:\/\/ribomed.imm.medicina.ulisboa.pt\/pt-pt\/wp-json\/wp\/v2\/media\/61"}],"wp:attachment":[{"href":"https:\/\/ribomed.imm.medicina.ulisboa.pt\/pt-pt\/wp-json\/wp\/v2\/media?parent=44"}],"curies":[{"name":"wp","href":"https:\/\/api.w.org\/{rel}","templated":true}]}}