{"id":46,"date":"2019-10-10T08:49:35","date_gmt":"2019-10-10T08:49:35","guid":{"rendered":"http:\/\/ribomed.imm.medicina.ulisboa.pt\/?page_id=46"},"modified":"2019-11-27T15:02:11","modified_gmt":"2019-11-27T15:02:11","slug":"colaboracoes","status":"publish","type":"page","link":"https:\/\/ribomed.imm.medicina.ulisboa.pt\/pt-pt\/colaboracoes\/","title":{"rendered":"Colabora\u00e7\u00f5es"},"content":{"rendered":"\n<h4><\/h4>\n\n\n\n<ul><li><strong>Instituto de Medicina Molecular Jo\u00e3o Lobo Antunes (iMM, Portugal) | Coordenador<\/strong><\/li><li><strong>University of Oxford (Reino Unido)<\/strong><\/li><li><strong>Weizmann Institute of Science (Israel) <\/strong><\/li><li><strong> The Max Delbr\u00fcck Center for Molecular Medicine (MDC, Alemanha) <\/strong><\/li><\/ul>\n\n\n\n<figure class=\"wp-block-image\"><img loading=\"lazy\" width=\"1024\" height=\"289\" src=\"http:\/\/ribomed.imm.medicina.ulisboa.pt\/wp-content\/uploads\/sites\/4\/2019\/10\/Banner_Collaborations-1024x289.png\" alt=\"\" class=\"wp-image-105\" srcset=\"https:\/\/ribomed.imm.medicina.ulisboa.pt\/wp-content\/uploads\/sites\/4\/2019\/10\/Banner_Collaborations-1024x289.png 1024w, https:\/\/ribomed.imm.medicina.ulisboa.pt\/wp-content\/uploads\/sites\/4\/2019\/10\/Banner_Collaborations-300x85.png 300w, https:\/\/ribomed.imm.medicina.ulisboa.pt\/wp-content\/uploads\/sites\/4\/2019\/10\/Banner_Collaborations-768x216.png 768w, https:\/\/ribomed.imm.medicina.ulisboa.pt\/wp-content\/uploads\/sites\/4\/2019\/10\/Banner_Collaborations.png 1348w\" sizes=\"(max-width: 1024px) 100vw, 1024px\" \/><\/figure>\n\n\n\n<div class=\"wp-block-image\"><figure class=\"aligncenter\"><img loading=\"lazy\" width=\"449\" height=\"127\" src=\"http:\/\/ribomed.imm.medicina.ulisboa.pt\/wp-content\/uploads\/sites\/4\/2019\/11\/RiboMed-2.png\" alt=\"\" class=\"wp-image-205\" srcset=\"https:\/\/ribomed.imm.medicina.ulisboa.pt\/wp-content\/uploads\/sites\/4\/2019\/11\/RiboMed-2.png 449w, https:\/\/ribomed.imm.medicina.ulisboa.pt\/wp-content\/uploads\/sites\/4\/2019\/11\/RiboMed-2-300x85.png 300w\" sizes=\"(max-width: 449px) 100vw, 449px\" \/><\/figure><\/div>\n","protected":false},"excerpt":{"rendered":"<p>Instituto de Medicina Molecular Jo\u00e3o Lobo Antunes (iMM, Portugal) | Coordenador University of Oxford (Reino Unido) Weizmann Institute of Science (Israel) The Max Delbr\u00fcck Center for Molecular Medicine (MDC, Alemanha)<\/p>\n","protected":false},"author":13,"featured_media":61,"parent":0,"menu_order":2,"comment_status":"closed","ping_status":"closed","template":"","meta":[],"yoast_head":"<!-- This site is optimized with the Yoast SEO plugin v17.4 - https:\/\/yoast.com\/wordpress\/plugins\/seo\/ -->\n<title>Colabora\u00e7\u00f5es - RiboMed<\/title>\n<meta name=\"robots\" content=\"index, follow, max-snippet:-1, max-image-preview:large, max-video-preview:-1\" \/>\n<link rel=\"canonical\" href=\"https:\/\/ribomed.imm.medicina.ulisboa.pt\/pt-pt\/colaboracoes\/\" \/>\n<meta property=\"og:locale\" content=\"pt_PT\" \/>\n<meta property=\"og:type\" content=\"article\" \/>\n<meta property=\"og:title\" content=\"Colabora\u00e7\u00f5es - RiboMed\" \/>\n<meta property=\"og:description\" content=\"Instituto de Medicina Molecular Jo\u00e3o Lobo Antunes (iMM, Portugal) | Coordenador University of Oxford (Reino Unido) Weizmann Institute of Science (Israel) The Max Delbr\u00fcck Center for Molecular Medicine (MDC, Alemanha)\" \/>\n<meta property=\"og:url\" content=\"https:\/\/ribomed.imm.medicina.ulisboa.pt\/pt-pt\/colaboracoes\/\" \/>\n<meta property=\"og:site_name\" content=\"RiboMed\" \/>\n<meta property=\"article:modified_time\" content=\"2019-11-27T15:02:11+00:00\" \/>\n<meta property=\"og:image\" content=\"https:\/\/ribomed.imm.medicina.ulisboa.pt\/wp-content\/uploads\/sites\/4\/2019\/10\/BANNER-03.jpg\" \/>\n\t<meta property=\"og:image:width\" content=\"1900\" \/>\n\t<meta property=\"og:image:height\" content=\"316\" \/>\n<meta name=\"twitter:card\" content=\"summary_large_image\" \/>\n<script type=\"application\/ld+json\" class=\"yoast-schema-graph\">{\"@context\":\"https:\/\/schema.org\",\"@graph\":[{\"@type\":\"WebSite\",\"@id\":\"https:\/\/ribomed.imm.medicina.ulisboa.pt\/#website\",\"url\":\"https:\/\/ribomed.imm.medicina.ulisboa.pt\/\",\"name\":\"RiboMed\",\"description\":\"RiboMed\",\"potentialAction\":[{\"@type\":\"SearchAction\",\"target\":{\"@type\":\"EntryPoint\",\"urlTemplate\":\"https:\/\/ribomed.imm.medicina.ulisboa.pt\/?s={search_term_string}\"},\"query-input\":\"required name=search_term_string\"}],\"inLanguage\":\"pt-PT\"},{\"@type\":\"ImageObject\",\"@id\":\"https:\/\/ribomed.imm.medicina.ulisboa.pt\/pt-pt\/colaboracoes\/#primaryimage\",\"inLanguage\":\"pt-PT\",\"url\":\"https:\/\/ribomed.imm.medicina.ulisboa.pt\/wp-content\/uploads\/sites\/4\/2019\/10\/BANNER-03.jpg\",\"contentUrl\":\"https:\/\/ribomed.imm.medicina.ulisboa.pt\/wp-content\/uploads\/sites\/4\/2019\/10\/BANNER-03.jpg\",\"width\":1900,\"height\":316},{\"@type\":\"WebPage\",\"@id\":\"https:\/\/ribomed.imm.medicina.ulisboa.pt\/pt-pt\/colaboracoes\/#webpage\",\"url\":\"https:\/\/ribomed.imm.medicina.ulisboa.pt\/pt-pt\/colaboracoes\/\",\"name\":\"Colabora\\u00e7\\u00f5es - RiboMed\",\"isPartOf\":{\"@id\":\"https:\/\/ribomed.imm.medicina.ulisboa.pt\/#website\"},\"primaryImageOfPage\":{\"@id\":\"https:\/\/ribomed.imm.medicina.ulisboa.pt\/pt-pt\/colaboracoes\/#primaryimage\"},\"datePublished\":\"2019-10-10T08:49:35+00:00\",\"dateModified\":\"2019-11-27T15:02:11+00:00\",\"breadcrumb\":{\"@id\":\"https:\/\/ribomed.imm.medicina.ulisboa.pt\/pt-pt\/colaboracoes\/#breadcrumb\"},\"inLanguage\":\"pt-PT\",\"potentialAction\":[{\"@type\":\"ReadAction\",\"target\":[\"https:\/\/ribomed.imm.medicina.ulisboa.pt\/pt-pt\/colaboracoes\/\"]}]},{\"@type\":\"BreadcrumbList\",\"@id\":\"https:\/\/ribomed.imm.medicina.ulisboa.pt\/pt-pt\/colaboracoes\/#breadcrumb\",\"itemListElement\":[{\"@type\":\"ListItem\",\"position\":1,\"name\":\"Home\",\"item\":\"https:\/\/ribomed.imm.medicina.ulisboa.pt\/pt-pt\/\"},{\"@type\":\"ListItem\",\"position\":2,\"name\":\"Colabora\\u00e7\\u00f5es\"}]}]}<\/script>\n<!-- \/ Yoast SEO plugin. -->","yoast_head_json":{"title":"Colabora\u00e7\u00f5es - RiboMed","robots":{"index":"index","follow":"follow","max-snippet":"max-snippet:-1","max-image-preview":"max-image-preview:large","max-video-preview":"max-video-preview:-1"},"canonical":"https:\/\/ribomed.imm.medicina.ulisboa.pt\/pt-pt\/colaboracoes\/","og_locale":"pt_PT","og_type":"article","og_title":"Colabora\u00e7\u00f5es - RiboMed","og_description":"Instituto de Medicina Molecular Jo\u00e3o Lobo Antunes (iMM, Portugal) | Coordenador University of Oxford (Reino Unido) Weizmann Institute of Science (Israel) The Max Delbr\u00fcck Center for Molecular Medicine (MDC, Alemanha)","og_url":"https:\/\/ribomed.imm.medicina.ulisboa.pt\/pt-pt\/colaboracoes\/","og_site_name":"RiboMed","article_modified_time":"2019-11-27T15:02:11+00:00","og_image":[{"width":1900,"height":316,"url":"https:\/\/ribomed.imm.medicina.ulisboa.pt\/wp-content\/uploads\/sites\/4\/2019\/10\/BANNER-03.jpg","type":"image\/jpeg"}],"twitter_card":"summary_large_image","schema":{"@context":"https:\/\/schema.org","@graph":[{"@type":"WebSite","@id":"https:\/\/ribomed.imm.medicina.ulisboa.pt\/#website","url":"https:\/\/ribomed.imm.medicina.ulisboa.pt\/","name":"RiboMed","description":"RiboMed","potentialAction":[{"@type":"SearchAction","target":{"@type":"EntryPoint","urlTemplate":"https:\/\/ribomed.imm.medicina.ulisboa.pt\/?s={search_term_string}"},"query-input":"required name=search_term_string"}],"inLanguage":"pt-PT"},{"@type":"ImageObject","@id":"https:\/\/ribomed.imm.medicina.ulisboa.pt\/pt-pt\/colaboracoes\/#primaryimage","inLanguage":"pt-PT","url":"https:\/\/ribomed.imm.medicina.ulisboa.pt\/wp-content\/uploads\/sites\/4\/2019\/10\/BANNER-03.jpg","contentUrl":"https:\/\/ribomed.imm.medicina.ulisboa.pt\/wp-content\/uploads\/sites\/4\/2019\/10\/BANNER-03.jpg","width":1900,"height":316},{"@type":"WebPage","@id":"https:\/\/ribomed.imm.medicina.ulisboa.pt\/pt-pt\/colaboracoes\/#webpage","url":"https:\/\/ribomed.imm.medicina.ulisboa.pt\/pt-pt\/colaboracoes\/","name":"Colabora\u00e7\u00f5es - RiboMed","isPartOf":{"@id":"https:\/\/ribomed.imm.medicina.ulisboa.pt\/#website"},"primaryImageOfPage":{"@id":"https:\/\/ribomed.imm.medicina.ulisboa.pt\/pt-pt\/colaboracoes\/#primaryimage"},"datePublished":"2019-10-10T08:49:35+00:00","dateModified":"2019-11-27T15:02:11+00:00","breadcrumb":{"@id":"https:\/\/ribomed.imm.medicina.ulisboa.pt\/pt-pt\/colaboracoes\/#breadcrumb"},"inLanguage":"pt-PT","potentialAction":[{"@type":"ReadAction","target":["https:\/\/ribomed.imm.medicina.ulisboa.pt\/pt-pt\/colaboracoes\/"]}]},{"@type":"BreadcrumbList","@id":"https:\/\/ribomed.imm.medicina.ulisboa.pt\/pt-pt\/colaboracoes\/#breadcrumb","itemListElement":[{"@type":"ListItem","position":1,"name":"Home","item":"https:\/\/ribomed.imm.medicina.ulisboa.pt\/pt-pt\/"},{"@type":"ListItem","position":2,"name":"Colabora\u00e7\u00f5es"}]}]}},"_links":{"self":[{"href":"https:\/\/ribomed.imm.medicina.ulisboa.pt\/pt-pt\/wp-json\/wp\/v2\/pages\/46"}],"collection":[{"href":"https:\/\/ribomed.imm.medicina.ulisboa.pt\/pt-pt\/wp-json\/wp\/v2\/pages"}],"about":[{"href":"https:\/\/ribomed.imm.medicina.ulisboa.pt\/pt-pt\/wp-json\/wp\/v2\/types\/page"}],"author":[{"embeddable":true,"href":"https:\/\/ribomed.imm.medicina.ulisboa.pt\/pt-pt\/wp-json\/wp\/v2\/users\/13"}],"replies":[{"embeddable":true,"href":"https:\/\/ribomed.imm.medicina.ulisboa.pt\/pt-pt\/wp-json\/wp\/v2\/comments?post=46"}],"version-history":[{"count":5,"href":"https:\/\/ribomed.imm.medicina.ulisboa.pt\/pt-pt\/wp-json\/wp\/v2\/pages\/46\/revisions"}],"predecessor-version":[{"id":215,"href":"https:\/\/ribomed.imm.medicina.ulisboa.pt\/pt-pt\/wp-json\/wp\/v2\/pages\/46\/revisions\/215"}],"wp:featuredmedia":[{"embeddable":true,"href":"https:\/\/ribomed.imm.medicina.ulisboa.pt\/pt-pt\/wp-json\/wp\/v2\/media\/61"}],"wp:attachment":[{"href":"https:\/\/ribomed.imm.medicina.ulisboa.pt\/pt-pt\/wp-json\/wp\/v2\/media?parent=46"}],"curies":[{"name":"wp","href":"https:\/\/api.w.org\/{rel}","templated":true}]}}