{"id":48,"date":"2019-10-10T08:50:03","date_gmt":"2019-10-10T08:50:03","guid":{"rendered":"http:\/\/ribomed.imm.medicina.ulisboa.pt\/?page_id=48"},"modified":"2021-05-24T08:48:34","modified_gmt":"2021-05-24T08:48:34","slug":"membros-imm","status":"publish","type":"page","link":"https:\/\/ribomed.imm.medicina.ulisboa.pt\/pt-pt\/membros-imm\/","title":{"rendered":"Membros iMM"},"content":{"rendered":"\n<ul><li><a rel=\"noreferrer noopener\" aria-label=\"M. Carmo-Fonseca Laborat\u00f3rio\u2028 (opens in a new tab)\" href=\"https:\/\/imm.medicina.ulisboa.pt\/pt-pt\/investigation\/laboratories\/maria-carmo-fonseca-lab-2\/#intro\" target=\"_blank\">M. Carmo-Fonseca Laborat\u00f3rio<\/a><\/li><li><a rel=\"noreferrer noopener\" aria-label=\"Nuno Morais Laborat\u00f3rio \u2028 (opens in a new tab)\" href=\"https:\/\/imm.medicina.ulisboa.pt\/investigation\/laboratories\/nuno-morais-lab\/#intro\" target=\"_blank\">Nuno Morais Laborat\u00f3rio <\/a><\/li><li><a href=\"https:\/\/imm.medicina.ulisboa.pt\/pt-pt\/investigation\/laboratories\/sergio-de-almeida-lab-2\/#intro\" target=\"_blank\" rel=\"noreferrer noopener\" aria-label=\"S\u00e9rgio de Almeida Laborat\u00f3rio\u2028 (opens in a new tab)\">S\u00e9rgio de Almeida Laborat\u00f3rio<\/a><\/li><li><a rel=\"noreferrer noopener\" aria-label=\"Claus M. Azzalin Laborat\u00f3rio (opens in a new tab)\" href=\"https:\/\/imm.medicina.ulisboa.pt\/pt-pt\/investigation\/laboratories\/claus-maria-azzalin-lab-2\/#intro\" target=\"_blank\">Claus M. Azzalin Laborat\u00f3rio<\/a><\/li><\/ul>\n\n\n\n<figure class=\"wp-block-image\"><img loading=\"lazy\" width=\"1024\" height=\"289\" src=\"http:\/\/ribomed.imm.medicina.ulisboa.pt\/wp-content\/uploads\/sites\/4\/2019\/10\/GL-1024x289.png\" alt=\"\" class=\"wp-image-82\" srcset=\"https:\/\/ribomed.imm.medicina.ulisboa.pt\/wp-content\/uploads\/sites\/4\/2019\/10\/GL-1024x289.png 1024w, https:\/\/ribomed.imm.medicina.ulisboa.pt\/wp-content\/uploads\/sites\/4\/2019\/10\/GL-300x85.png 300w, https:\/\/ribomed.imm.medicina.ulisboa.pt\/wp-content\/uploads\/sites\/4\/2019\/10\/GL-768x216.png 768w, https:\/\/ribomed.imm.medicina.ulisboa.pt\/wp-content\/uploads\/sites\/4\/2019\/10\/GL.png 1348w\" sizes=\"(max-width: 1024px) 100vw, 1024px\" \/><\/figure>\n\n\n\n<ul><li>In\u00eas Domingues (Comunica\u00e7\u00e3o)<\/li><li>Pedro Silva (Transfer\u00eancia de Tecnologia)<\/li><li>Joana Costa (Pre-Award)<\/li><li>Filipa Nunes (Training Hub)<\/li><\/ul>\n\n\n\n<figure class=\"wp-block-image\"><img loading=\"lazy\" width=\"1024\" height=\"289\" src=\"http:\/\/ribomed.imm.medicina.ulisboa.pt\/wp-content\/uploads\/sites\/4\/2019\/10\/Banner_iMM-Members-2-1024x289.png\" alt=\"\" class=\"wp-image-110\" srcset=\"https:\/\/ribomed.imm.medicina.ulisboa.pt\/wp-content\/uploads\/sites\/4\/2019\/10\/Banner_iMM-Members-2-1024x289.png 1024w, https:\/\/ribomed.imm.medicina.ulisboa.pt\/wp-content\/uploads\/sites\/4\/2019\/10\/Banner_iMM-Members-2-300x85.png 300w, https:\/\/ribomed.imm.medicina.ulisboa.pt\/wp-content\/uploads\/sites\/4\/2019\/10\/Banner_iMM-Members-2-768x216.png 768w, https:\/\/ribomed.imm.medicina.ulisboa.pt\/wp-content\/uploads\/sites\/4\/2019\/10\/Banner_iMM-Members-2.png 1348w\" sizes=\"(max-width: 1024px) 100vw, 1024px\" \/><\/figure>\n\n\n\n<div class=\"wp-block-image\"><figure class=\"aligncenter\"><img loading=\"lazy\" width=\"449\" height=\"127\" src=\"http:\/\/ribomed.imm.medicina.ulisboa.pt\/wp-content\/uploads\/sites\/4\/2019\/11\/RiboMed-2.png\" alt=\"\" class=\"wp-image-205\" srcset=\"https:\/\/ribomed.imm.medicina.ulisboa.pt\/wp-content\/uploads\/sites\/4\/2019\/11\/RiboMed-2.png 449w, https:\/\/ribomed.imm.medicina.ulisboa.pt\/wp-content\/uploads\/sites\/4\/2019\/11\/RiboMed-2-300x85.png 300w\" sizes=\"(max-width: 449px) 100vw, 449px\" \/><\/figure><\/div>\n","protected":false},"excerpt":{"rendered":"<p>M. Carmo-Fonseca Laborat\u00f3rio Nuno Morais Laborat\u00f3rio S\u00e9rgio de Almeida Laborat\u00f3rio Claus M. Azzalin Laborat\u00f3rio In\u00eas Domingues (Comunica\u00e7\u00e3o) Pedro Silva (Transfer\u00eancia de Tecnologia) Joana Costa (Pre-Award) Filipa Nunes (Training Hub)<\/p>\n","protected":false},"author":13,"featured_media":61,"parent":0,"menu_order":3,"comment_status":"closed","ping_status":"closed","template":"","meta":[],"yoast_head":"<!-- This site is optimized with the Yoast SEO plugin v17.4 - https:\/\/yoast.com\/wordpress\/plugins\/seo\/ -->\n<title>Membros iMM - RiboMed<\/title>\n<meta name=\"robots\" content=\"index, follow, max-snippet:-1, max-image-preview:large, max-video-preview:-1\" \/>\n<link rel=\"canonical\" href=\"https:\/\/ribomed.imm.medicina.ulisboa.pt\/pt-pt\/membros-imm\/\" \/>\n<meta property=\"og:locale\" content=\"pt_PT\" \/>\n<meta property=\"og:type\" content=\"article\" \/>\n<meta property=\"og:title\" content=\"Membros iMM - RiboMed\" \/>\n<meta property=\"og:description\" content=\"M. Carmo-Fonseca Laborat\u00f3rio Nuno Morais Laborat\u00f3rio S\u00e9rgio de Almeida Laborat\u00f3rio Claus M. Azzalin Laborat\u00f3rio In\u00eas Domingues (Comunica\u00e7\u00e3o) Pedro Silva (Transfer\u00eancia de Tecnologia) Joana Costa (Pre-Award) Filipa Nunes (Training Hub)\" \/>\n<meta property=\"og:url\" content=\"https:\/\/ribomed.imm.medicina.ulisboa.pt\/pt-pt\/membros-imm\/\" \/>\n<meta property=\"og:site_name\" content=\"RiboMed\" \/>\n<meta property=\"article:modified_time\" content=\"2021-05-24T08:48:34+00:00\" \/>\n<meta property=\"og:image\" content=\"https:\/\/ribomed.imm.medicina.ulisboa.pt\/wp-content\/uploads\/sites\/4\/2019\/10\/BANNER-03.jpg\" \/>\n\t<meta property=\"og:image:width\" content=\"1900\" \/>\n\t<meta property=\"og:image:height\" content=\"316\" \/>\n<meta name=\"twitter:card\" content=\"summary_large_image\" \/>\n<script type=\"application\/ld+json\" class=\"yoast-schema-graph\">{\"@context\":\"https:\/\/schema.org\",\"@graph\":[{\"@type\":\"WebSite\",\"@id\":\"https:\/\/ribomed.imm.medicina.ulisboa.pt\/#website\",\"url\":\"https:\/\/ribomed.imm.medicina.ulisboa.pt\/\",\"name\":\"RiboMed\",\"description\":\"RiboMed\",\"potentialAction\":[{\"@type\":\"SearchAction\",\"target\":{\"@type\":\"EntryPoint\",\"urlTemplate\":\"https:\/\/ribomed.imm.medicina.ulisboa.pt\/?s={search_term_string}\"},\"query-input\":\"required name=search_term_string\"}],\"inLanguage\":\"pt-PT\"},{\"@type\":\"ImageObject\",\"@id\":\"https:\/\/ribomed.imm.medicina.ulisboa.pt\/pt-pt\/membros-imm\/#primaryimage\",\"inLanguage\":\"pt-PT\",\"url\":\"https:\/\/ribomed.imm.medicina.ulisboa.pt\/wp-content\/uploads\/sites\/4\/2019\/10\/BANNER-03.jpg\",\"contentUrl\":\"https:\/\/ribomed.imm.medicina.ulisboa.pt\/wp-content\/uploads\/sites\/4\/2019\/10\/BANNER-03.jpg\",\"width\":1900,\"height\":316},{\"@type\":\"WebPage\",\"@id\":\"https:\/\/ribomed.imm.medicina.ulisboa.pt\/pt-pt\/membros-imm\/#webpage\",\"url\":\"https:\/\/ribomed.imm.medicina.ulisboa.pt\/pt-pt\/membros-imm\/\",\"name\":\"Membros iMM - RiboMed\",\"isPartOf\":{\"@id\":\"https:\/\/ribomed.imm.medicina.ulisboa.pt\/#website\"},\"primaryImageOfPage\":{\"@id\":\"https:\/\/ribomed.imm.medicina.ulisboa.pt\/pt-pt\/membros-imm\/#primaryimage\"},\"datePublished\":\"2019-10-10T08:50:03+00:00\",\"dateModified\":\"2021-05-24T08:48:34+00:00\",\"breadcrumb\":{\"@id\":\"https:\/\/ribomed.imm.medicina.ulisboa.pt\/pt-pt\/membros-imm\/#breadcrumb\"},\"inLanguage\":\"pt-PT\",\"potentialAction\":[{\"@type\":\"ReadAction\",\"target\":[\"https:\/\/ribomed.imm.medicina.ulisboa.pt\/pt-pt\/membros-imm\/\"]}]},{\"@type\":\"BreadcrumbList\",\"@id\":\"https:\/\/ribomed.imm.medicina.ulisboa.pt\/pt-pt\/membros-imm\/#breadcrumb\",\"itemListElement\":[{\"@type\":\"ListItem\",\"position\":1,\"name\":\"Home\",\"item\":\"https:\/\/ribomed.imm.medicina.ulisboa.pt\/pt-pt\/\"},{\"@type\":\"ListItem\",\"position\":2,\"name\":\"Membros iMM\"}]}]}<\/script>\n<!-- \/ Yoast SEO plugin. -->","yoast_head_json":{"title":"Membros iMM - RiboMed","robots":{"index":"index","follow":"follow","max-snippet":"max-snippet:-1","max-image-preview":"max-image-preview:large","max-video-preview":"max-video-preview:-1"},"canonical":"https:\/\/ribomed.imm.medicina.ulisboa.pt\/pt-pt\/membros-imm\/","og_locale":"pt_PT","og_type":"article","og_title":"Membros iMM - RiboMed","og_description":"M. Carmo-Fonseca Laborat\u00f3rio Nuno Morais Laborat\u00f3rio S\u00e9rgio de Almeida Laborat\u00f3rio Claus M. Azzalin Laborat\u00f3rio In\u00eas Domingues (Comunica\u00e7\u00e3o) Pedro Silva (Transfer\u00eancia de Tecnologia) Joana Costa (Pre-Award) Filipa Nunes (Training Hub)","og_url":"https:\/\/ribomed.imm.medicina.ulisboa.pt\/pt-pt\/membros-imm\/","og_site_name":"RiboMed","article_modified_time":"2021-05-24T08:48:34+00:00","og_image":[{"width":1900,"height":316,"url":"https:\/\/ribomed.imm.medicina.ulisboa.pt\/wp-content\/uploads\/sites\/4\/2019\/10\/BANNER-03.jpg","type":"image\/jpeg"}],"twitter_card":"summary_large_image","schema":{"@context":"https:\/\/schema.org","@graph":[{"@type":"WebSite","@id":"https:\/\/ribomed.imm.medicina.ulisboa.pt\/#website","url":"https:\/\/ribomed.imm.medicina.ulisboa.pt\/","name":"RiboMed","description":"RiboMed","potentialAction":[{"@type":"SearchAction","target":{"@type":"EntryPoint","urlTemplate":"https:\/\/ribomed.imm.medicina.ulisboa.pt\/?s={search_term_string}"},"query-input":"required name=search_term_string"}],"inLanguage":"pt-PT"},{"@type":"ImageObject","@id":"https:\/\/ribomed.imm.medicina.ulisboa.pt\/pt-pt\/membros-imm\/#primaryimage","inLanguage":"pt-PT","url":"https:\/\/ribomed.imm.medicina.ulisboa.pt\/wp-content\/uploads\/sites\/4\/2019\/10\/BANNER-03.jpg","contentUrl":"https:\/\/ribomed.imm.medicina.ulisboa.pt\/wp-content\/uploads\/sites\/4\/2019\/10\/BANNER-03.jpg","width":1900,"height":316},{"@type":"WebPage","@id":"https:\/\/ribomed.imm.medicina.ulisboa.pt\/pt-pt\/membros-imm\/#webpage","url":"https:\/\/ribomed.imm.medicina.ulisboa.pt\/pt-pt\/membros-imm\/","name":"Membros iMM - RiboMed","isPartOf":{"@id":"https:\/\/ribomed.imm.medicina.ulisboa.pt\/#website"},"primaryImageOfPage":{"@id":"https:\/\/ribomed.imm.medicina.ulisboa.pt\/pt-pt\/membros-imm\/#primaryimage"},"datePublished":"2019-10-10T08:50:03+00:00","dateModified":"2021-05-24T08:48:34+00:00","breadcrumb":{"@id":"https:\/\/ribomed.imm.medicina.ulisboa.pt\/pt-pt\/membros-imm\/#breadcrumb"},"inLanguage":"pt-PT","potentialAction":[{"@type":"ReadAction","target":["https:\/\/ribomed.imm.medicina.ulisboa.pt\/pt-pt\/membros-imm\/"]}]},{"@type":"BreadcrumbList","@id":"https:\/\/ribomed.imm.medicina.ulisboa.pt\/pt-pt\/membros-imm\/#breadcrumb","itemListElement":[{"@type":"ListItem","position":1,"name":"Home","item":"https:\/\/ribomed.imm.medicina.ulisboa.pt\/pt-pt\/"},{"@type":"ListItem","position":2,"name":"Membros iMM"}]}]}},"_links":{"self":[{"href":"https:\/\/ribomed.imm.medicina.ulisboa.pt\/pt-pt\/wp-json\/wp\/v2\/pages\/48"}],"collection":[{"href":"https:\/\/ribomed.imm.medicina.ulisboa.pt\/pt-pt\/wp-json\/wp\/v2\/pages"}],"about":[{"href":"https:\/\/ribomed.imm.medicina.ulisboa.pt\/pt-pt\/wp-json\/wp\/v2\/types\/page"}],"author":[{"embeddable":true,"href":"https:\/\/ribomed.imm.medicina.ulisboa.pt\/pt-pt\/wp-json\/wp\/v2\/users\/13"}],"replies":[{"embeddable":true,"href":"https:\/\/ribomed.imm.medicina.ulisboa.pt\/pt-pt\/wp-json\/wp\/v2\/comments?post=48"}],"version-history":[{"count":6,"href":"https:\/\/ribomed.imm.medicina.ulisboa.pt\/pt-pt\/wp-json\/wp\/v2\/pages\/48\/revisions"}],"predecessor-version":[{"id":416,"href":"https:\/\/ribomed.imm.medicina.ulisboa.pt\/pt-pt\/wp-json\/wp\/v2\/pages\/48\/revisions\/416"}],"wp:featuredmedia":[{"embeddable":true,"href":"https:\/\/ribomed.imm.medicina.ulisboa.pt\/pt-pt\/wp-json\/wp\/v2\/media\/61"}],"wp:attachment":[{"href":"https:\/\/ribomed.imm.medicina.ulisboa.pt\/pt-pt\/wp-json\/wp\/v2\/media?parent=48"}],"curies":[{"name":"wp","href":"https:\/\/api.w.org\/{rel}","templated":true}]}}